{"id":317,"date":"2023-03-14T00:11:25","date_gmt":"2023-03-14T00:11:25","guid":{"rendered":"https:\/\/rentadeinflables.com.mx\/?page_id=317"},"modified":"2023-03-14T00:32:10","modified_gmt":"2023-03-14T00:32:10","slug":"terminos-y-condiciones","status":"publish","type":"page","link":"https:\/\/rentadeinflables.com.mx\/?page_id=317","title":{"rendered":"T\u00e9rminos y condiciones"},"content":{"rendered":"\t\t<div data-elementor-type=\"wp-page\" data-elementor-id=\"317\" class=\"elementor elementor-317\">\n\t\t\t\t\t\t<section class=\"elementor-section elementor-top-section elementor-element elementor-element-c8d377b elementor-section-boxed elementor-section-height-default elementor-section-height-default\" data-id=\"c8d377b\" data-element_type=\"section\" data-e-type=\"section\">\n\t\t\t\t\t\t<div class=\"elementor-container elementor-column-gap-default\">\n\t\t\t\t\t<div class=\"elementor-column elementor-col-100 elementor-top-column elementor-element elementor-element-4006064\" data-id=\"4006064\" data-element_type=\"column\" data-e-type=\"column\">\n\t\t\t<div class=\"elementor-widget-wrap elementor-element-populated\">\n\t\t\t\t\t\t<div class=\"elementor-element elementor-element-2f2e80b elementor-widget elementor-widget-spacer\" data-id=\"2f2e80b\" data-element_type=\"widget\" data-e-type=\"widget\" data-widget_type=\"spacer.default\">\n\t\t\t\t<div class=\"elementor-widget-container\">\n\t\t\t\t\t\t\t<div class=\"elementor-spacer\">\n\t\t\t<div class=\"elementor-spacer-inner\"><\/div>\n\t\t<\/div>\n\t\t\t\t\t\t<\/div>\n\t\t\t\t<\/div>\n\t\t\t\t\t<\/div>\n\t\t<\/div>\n\t\t\t\t\t<\/div>\n\t\t<\/section>\n\t\t\t\t<section class=\"elementor-section elementor-top-section elementor-element elementor-element-bb022cb elementor-section-boxed elementor-section-height-default elementor-section-height-default\" data-id=\"bb022cb\" data-element_type=\"section\" data-e-type=\"section\">\n\t\t\t\t\t\t<div class=\"elementor-container elementor-column-gap-default\">\n\t\t\t\t\t<div class=\"elementor-column elementor-col-100 elementor-top-column elementor-element elementor-element-7fa5895\" data-id=\"7fa5895\" data-element_type=\"column\" data-e-type=\"column\">\n\t\t\t<div class=\"elementor-widget-wrap elementor-element-populated\">\n\t\t\t\t\t\t<div class=\"elementor-element elementor-element-3525b00 elementor-widget elementor-widget-heading\" data-id=\"3525b00\" data-element_type=\"widget\" data-e-type=\"widget\" data-widget_type=\"heading.default\">\n\t\t\t\t<div class=\"elementor-widget-container\">\n\t\t\t\t\t<h2 class=\"elementor-heading-title elementor-size-default\">T\u00e9rminos y condiciones. 2023<\/h2>\t\t\t\t<\/div>\n\t\t\t\t<\/div>\n\t\t\t\t\t<\/div>\n\t\t<\/div>\n\t\t\t\t\t<\/div>\n\t\t<\/section>\n\t\t\t\t<section class=\"elementor-section elementor-top-section elementor-element elementor-element-06fb073 elementor-section-boxed elementor-section-height-default elementor-section-height-default\" data-id=\"06fb073\" data-element_type=\"section\" data-e-type=\"section\">\n\t\t\t\t\t\t<div class=\"elementor-container elementor-column-gap-default\">\n\t\t\t\t\t<div class=\"elementor-column elementor-col-100 elementor-top-column elementor-element elementor-element-ebbdd4a\" data-id=\"ebbdd4a\" data-element_type=\"column\" data-e-type=\"column\">\n\t\t\t<div class=\"elementor-widget-wrap elementor-element-populated\">\n\t\t\t\t\t\t<div class=\"elementor-element elementor-element-63abbb1 elementor-widget elementor-widget-text-editor\" data-id=\"63abbb1\" data-element_type=\"widget\" data-e-type=\"widget\" data-widget_type=\"text-editor.default\">\n\t\t\t\t<div class=\"elementor-widget-container\">\n\t\t\t\t\t\t\t\t\t<h3><span style=\"font-weight: 900;\">SOBRE LA RENTA E INSTALACI\u00d3N.<\/span><\/h3><ol><li style=\"font-weight: 300;\" aria-level=\"1\"><span style=\"font-weight: 300;\">La renta de los<a href=\"https:\/\/rentadeinflables.com.mx\/\"> juegos inflables y trampolines<\/a> es por tiempo libre\/ l<\/span><span style=\"font-weight: 300;\">o que dure su evento<\/span><span style=\"font-weight: 300;\"> desde que hacemos entrega del inflable hasta su recolecci\u00f3n.<\/span><\/li><li style=\"font-weight: 300;\" aria-level=\"1\"><span style=\"font-weight: 300;\">En caso de que la distancia de estacionamiento hasta la entrega del inflable sea mayor a 100 metros, se cobrar\u00e1 entre 10% y 15% adicional a la renta.<\/span><\/li><li style=\"font-weight: 300;\" aria-level=\"1\"><span style=\"font-weight: 300;\">Los juegos inflables no se entregar\u00e1n ni instalar\u00e1n en superficies con tierra suelta, piedras, lodo o cualquier superficie que pudiera comprometer la seguridad de las personas y\/o del inflable.<\/span><\/li><li style=\"font-weight: 300;\" aria-level=\"1\"><span style=\"font-weight: 300;\">Los colores y caracter\u00edsticas secundarias de los juegos pueden variar a las mostradas en las fotos.<\/span><\/li><li style=\"font-weight: 300;\" aria-level=\"1\"><span style=\"font-weight: 300;\">Contamos con una extensi\u00f3n el\u00e9ctrica m\u00e1xima de 12 m. En caso de que la distancia sea mayor, el cliente deber\u00e1 de proveer la extensi\u00f3n necesaria o avisar con un m\u00ednimo de 1 semana de antelaci\u00f3n para preparar la extensi\u00f3n adecuada.<\/span><\/li><li style=\"font-weight: 300;\" aria-level=\"1\"><span style=\"font-weight: 300;\">Nuestro compromiso es que usted disfrute los juegos y su fiesta al m\u00e1ximo, sin embargo,\u00a0 nuestra pol\u00edtica de entregar un d\u00eda antes no es imperativa, por lo que nos reservamos el derecho de aplicar este servicio.<\/span><\/li><\/ol><h3><span style=\"font-weight: 900;\">SOBRE EL PAGO.<\/span><\/h3><ol><li style=\"font-weight: 300;\" aria-level=\"1\"><span style=\"font-weight: 300;\">En caso de ser pago en efectivo, el costo de la renta del producto deber\u00e1 de liquidarse en el momento de entrega de los juegos al cliente.\u00a0<\/span><\/li><li style=\"font-weight: 300;\" aria-level=\"1\"><span style=\"font-weight: 300;\">De preferir pagar v\u00eda transferencia electr\u00f3nica o dep\u00f3sito bancario, deber\u00e1 realizarse al menos un d\u00eda antes del evento y se realizar\u00e1 un cobro adicional por la transacci\u00f3n.<\/span><\/li><li style=\"font-weight: 300;\" aria-level=\"1\"><span style=\"font-weight: 300;\">En caso de requerir factura se cobrar\u00e1 el IVA correspondiente al 16% de la transacci\u00f3n.<\/span><\/li><li style=\"font-weight: 300;\" aria-level=\"1\"><span style=\"font-weight: 300;\">De no contar con el pago liquidado al momento de la entrega, nuestra camioneta seguir\u00e1 su ruta sin poder dejar el producto en su domicilio.<\/span><\/li><\/ol><h3><span style=\"font-weight: 900;\">SOBRE LAS RESPONSABILIDADES.<\/span><\/h3><ol><li style=\"font-weight: 300;\" aria-level=\"1\"><p>Las y los ni\u00f1os deben estar siempre supervisados por un adulto. En inflables.com.mx no nos hacemos responsables por accidentes ocurridos durante el evento.<\/p><\/li><li style=\"font-weight: 300;\" aria-level=\"1\"><p>Ninguna persona de nuestro equipo se encuentra autorizada a quedarse durante su evento para cuidar a las y los ni\u00f1os.En caso de necesitarlo, contamos con servicio de cuidado, preguntar por disponibilidad.<\/p><\/li><li style=\"font-weight: 300;\" aria-level=\"1\"><p>Para evitar accidentes,debes respetar la edad m\u00e1xima para cada juego indicada en el sitio web y se\u00f1alada durante la renta del mismo.<\/p><\/li><li style=\"font-weight: 300;\" aria-level=\"1\"><p>Cualquier da\u00f1o causado a los juegos, deber\u00e1 cubrirse la reparaci\u00f3n del mismo o el importe total del juego seg\u00fan sea el caso.\u00a0<\/p><\/li><li style=\"font-weight: 300;\" aria-level=\"1\"><p>Por favor, ay\u00fadenos a conservar los juegos en buen estado. Para su uso, los inflables deben usarse sin zapatos.<\/p><\/li><\/ol>\t\t\t\t\t\t\t\t<\/div>\n\t\t\t\t<\/div>\n\t\t\t\t\t<\/div>\n\t\t<\/div>\n\t\t\t\t\t<\/div>\n\t\t<\/section>\n\t\t\t\t<section class=\"elementor-section elementor-top-section elementor-element elementor-element-76221e3 elementor-section-boxed elementor-section-height-default elementor-section-height-default\" data-id=\"76221e3\" data-element_type=\"section\" data-e-type=\"section\">\n\t\t\t\t\t\t<div class=\"elementor-container elementor-column-gap-default\">\n\t\t\t\t\t<div class=\"elementor-column elementor-col-100 elementor-top-column elementor-element elementor-element-bbdc6f2\" data-id=\"bbdc6f2\" data-element_type=\"column\" data-e-type=\"column\">\n\t\t\t<div class=\"elementor-widget-wrap elementor-element-populated\">\n\t\t\t\t\t\t<div class=\"elementor-element elementor-element-bb62793 elementor-widget elementor-widget-spacer\" data-id=\"bb62793\" data-element_type=\"widget\" data-e-type=\"widget\" data-widget_type=\"spacer.default\">\n\t\t\t\t<div class=\"elementor-widget-container\">\n\t\t\t\t\t\t\t<div class=\"elementor-spacer\">\n\t\t\t<div class=\"elementor-spacer-inner\"><\/div>\n\t\t<\/div>\n\t\t\t\t\t\t<\/div>\n\t\t\t\t<\/div>\n\t\t\t\t\t<\/div>\n\t\t<\/div>\n\t\t\t\t\t<\/div>\n\t\t<\/section>\n\t\t\t\t<\/div>\n\t\t","protected":false},"excerpt":{"rendered":"<p>T\u00e9rminos y condiciones. 2023 SOBRE LA RENTA E INSTALACI\u00d3N. La renta de los juegos inflables y trampolines es por tiempo libre\/ lo que dure su evento desde que hacemos entrega del inflable hasta su recolecci\u00f3n. En caso de que la distancia de estacionamiento hasta la entrega del inflable sea mayor a 100 metros, se cobrar\u00e1 [&hellip;]<\/p>\n","protected":false},"author":1,"featured_media":86,"parent":44,"menu_order":0,"comment_status":"closed","ping_status":"closed","template":"","meta":{"om_disable_all_campaigns":false,"_monsterinsights_skip_tracking":false,"_monsterinsights_sitenote_active":false,"_monsterinsights_sitenote_note":"","_monsterinsights_sitenote_category":0,"footnotes":""},"class_list":["post-317","page","type-page","status-publish","has-post-thumbnail","hentry"],"aioseo_notices":[],"_links":{"self":[{"href":"https:\/\/rentadeinflables.com.mx\/index.php?rest_route=\/wp\/v2\/pages\/317","targetHints":{"allow":["GET"]}}],"collection":[{"href":"https:\/\/rentadeinflables.com.mx\/index.php?rest_route=\/wp\/v2\/pages"}],"about":[{"href":"https:\/\/rentadeinflables.com.mx\/index.php?rest_route=\/wp\/v2\/types\/page"}],"author":[{"embeddable":true,"href":"https:\/\/rentadeinflables.com.mx\/index.php?rest_route=\/wp\/v2\/users\/1"}],"replies":[{"embeddable":true,"href":"https:\/\/rentadeinflables.com.mx\/index.php?rest_route=%2Fwp%2Fv2%2Fcomments&post=317"}],"version-history":[{"count":18,"href":"https:\/\/rentadeinflables.com.mx\/index.php?rest_route=\/wp\/v2\/pages\/317\/revisions"}],"predecessor-version":[{"id":336,"href":"https:\/\/rentadeinflables.com.mx\/index.php?rest_route=\/wp\/v2\/pages\/317\/revisions\/336"}],"up":[{"embeddable":true,"href":"https:\/\/rentadeinflables.com.mx\/index.php?rest_route=\/wp\/v2\/pages\/44"}],"wp:featuredmedia":[{"embeddable":true,"href":"https:\/\/rentadeinflables.com.mx\/index.php?rest_route=\/wp\/v2\/media\/86"}],"wp:attachment":[{"href":"https:\/\/rentadeinflables.com.mx\/index.php?rest_route=%2Fwp%2Fv2%2Fmedia&parent=317"}],"curies":[{"name":"wp","href":"https:\/\/api.w.org\/{rel}","templated":true}]}}